{"id":589,"date":"2018-07-08T22:56:13","date_gmt":"2018-07-08T20:56:13","guid":{"rendered":"http:\/\/isightstudio.com\/kapcsolat\/"},"modified":"2024-10-16T08:16:39","modified_gmt":"2024-10-16T06:16:39","slug":"contact","status":"publish","type":"page","link":"https:\/\/isightstudio.com\/en\/contact\/","title":{"rendered":"Contact"},"content":{"rendered":"<p>[et_pb_section fb_built=&#8221;1&#8243; custom_padding_last_edited=&#8221;on|tablet&#8221; _builder_version=&#8221;4.27.0&#8243; background_color=&#8221;#f8f8f8&#8243; custom_padding=&#8221;20px|20px|20px|20px|true|true&#8221; custom_padding_tablet=&#8221;|40px||40px|true|true&#8221; custom_padding_phone=&#8221;|40px||40px|true|true&#8221; global_colors_info=&#8221;{}&#8221; locked=&#8221;off&#8221; theme_builder_area=&#8221;post_content&#8221;][et_pb_row disabled_on=&#8221;off|off|off&#8221; _builder_version=&#8221;4.27.0&#8243; width=&#8221;30%&#8221; width_tablet=&#8221;30%&#8221; width_phone=&#8221;100%&#8221; width_last_edited=&#8221;on|phone&#8221; max_width_tablet=&#8221;&#8221; max_width_phone=&#8221;&#8221; max_width_last_edited=&#8221;on|tablet&#8221; custom_padding=&#8221;80px||80px||true|false&#8221; use_custom_width=&#8221;on&#8221; width_unit=&#8221;off&#8221; custom_width_percent=&#8221;32%&#8221; global_colors_info=&#8221;{}&#8221; theme_builder_area=&#8221;post_content&#8221;][et_pb_column type=&#8221;4_4&#8243; _builder_version=&#8221;4.16&#8243; custom_padding=&#8221;|||&#8221; global_colors_info=&#8221;{}&#8221; custom_padding__hover=&#8221;|||&#8221; theme_builder_area=&#8221;post_content&#8221;][et_pb_text _builder_version=&#8221;4.27.0&#8243; header_font=&#8221;|600|||||||&#8221; header_font_size=&#8221;56px&#8221; hover_enabled=&#8221;0&#8243; header_font_size_tablet=&#8221;48px&#8221; header_font_size_phone=&#8221;44px&#8221; header_font_size_last_edited=&#8221;on|phone&#8221; global_colors_info=&#8221;{}&#8221; theme_builder_area=&#8221;post_content&#8221; sticky_enabled=&#8221;0&#8243;]<\/p>\n<h1>Contact<\/h1>\n<p>[\/et_pb_text][et_pb_divider divider_weight=&#8221;2px&#8221; _builder_version=&#8221;4.16&#8243; global_colors_info=&#8221;{}&#8221; theme_builder_area=&#8221;post_content&#8221;]&nbsp;<br \/>\n[\/et_pb_divider][et_pb_text _builder_version=&#8221;4.27.0&#8243; text_font=&#8221;||||||||&#8221; text_line_height=&#8221;1.8em&#8221; hover_enabled=&#8221;0&#8243; global_colors_info=&#8221;{}&#8221; theme_builder_area=&#8221;post_content&#8221; sticky_enabled=&#8221;0&#8243;]<\/p>\n<p><strong>We are glad that you visited us!<\/strong><\/p>\n<p>For further information, questions, and quotation requests, our contact details are:<\/p>\n<p><strong style=\"font-size: 16px;\">ATTILA VARGA<\/strong><\/p>\n<div class=\"pixcode pixcode--grid grid \">\n<div class=\"grid__item six-twelfths palm-one-whole \">\n<p><strong>Email:<\/strong>\u00a0<a href=\"mailto:info@isightstudio.com\">info@isightstudio.com<\/a><br \/><strong>Mobile:<\/strong>\u00a0<a href=\"tel:+36703307195\">+36\u00a070\u00a0330\u00a07195<\/a><\/p>\n<\/div>\n<\/div>\n<p>[\/et_pb_text][\/et_pb_column][\/et_pb_row][\/et_pb_section]<\/p>\n","protected":false},"excerpt":{"rendered":"<p>Contact&nbsp; We are glad that you visited us! For further information, questions, and quotation requests, our contact details are: ATTILA VARGA Email:\u00a0info@isightstudio.comMobile:\u00a0+36\u00a070\u00a0330\u00a07195<\/p>\n","protected":false},"author":1,"featured_media":0,"parent":0,"menu_order":0,"comment_status":"closed","ping_status":"closed","template":"","meta":{"_et_pb_use_builder":"on","_et_pb_old_content":"","_et_gb_content_width":"","footnotes":""},"class_list":["post-589","page","type-page","status-publish","hentry"],"yoast_head":"<!-- This site is optimized with the Yoast SEO plugin v27.2 - https:\/\/yoast.com\/product\/yoast-seo-wordpress\/ -->\n<title>Contact - iSight Studio<\/title>\n<meta name=\"robots\" content=\"index, follow, max-snippet:-1, max-image-preview:large, max-video-preview:-1\" \/>\n<link rel=\"canonical\" href=\"https:\/\/isightstudio.com\/kapcsolat\/\" \/>\n<meta property=\"og:locale\" content=\"en_US\" \/>\n<meta property=\"og:type\" content=\"article\" \/>\n<meta property=\"og:title\" content=\"Contact - iSight Studio\" \/>\n<meta property=\"og:description\" content=\"Contact&nbsp; We are glad that you visited us! For further information, questions, and quotation requests, our contact details are: ATTILA VARGA Email:\u00a0info@isightstudio.comMobile:\u00a0+36\u00a070\u00a0330\u00a07195\" \/>\n<meta property=\"og:url\" content=\"https:\/\/isightstudio.com\/kapcsolat\/\" \/>\n<meta property=\"og:site_name\" content=\"iSight Studio\" \/>\n<meta property=\"article:modified_time\" content=\"2024-10-16T06:16:39+00:00\" \/>\n<meta name=\"twitter:card\" content=\"summary_large_image\" \/>\n<meta name=\"twitter:label1\" content=\"Est. reading time\" \/>\n\t<meta name=\"twitter:data1\" content=\"1 minute\" \/>\n<script type=\"application\/ld+json\" class=\"yoast-schema-graph\">{\"@context\":\"https:\/\/schema.org\",\"@graph\":[{\"@type\":\"WebPage\",\"@id\":\"https:\/\/isightstudio.com\/kapcsolat\/\",\"url\":\"https:\/\/isightstudio.com\/kapcsolat\/\",\"name\":\"Contact - iSight Studio\",\"isPartOf\":{\"@id\":\"https:\/\/isightstudio.com\/#website\"},\"datePublished\":\"2018-07-08T20:56:13+00:00\",\"dateModified\":\"2024-10-16T06:16:39+00:00\",\"breadcrumb\":{\"@id\":\"https:\/\/isightstudio.com\/kapcsolat\/#breadcrumb\"},\"inLanguage\":\"en-US\",\"potentialAction\":[{\"@type\":\"ReadAction\",\"target\":[\"https:\/\/isightstudio.com\/kapcsolat\/\"]}]},{\"@type\":\"BreadcrumbList\",\"@id\":\"https:\/\/isightstudio.com\/kapcsolat\/#breadcrumb\",\"itemListElement\":[{\"@type\":\"ListItem\",\"position\":1,\"name\":\"Home\",\"item\":\"https:\/\/isightstudio.com\/en\/\"},{\"@type\":\"ListItem\",\"position\":2,\"name\":\"Contact\"}]},{\"@type\":\"WebSite\",\"@id\":\"https:\/\/isightstudio.com\/#website\",\"url\":\"https:\/\/isightstudio.com\/\",\"name\":\"iSight Studio\",\"description\":\"Esk\u00fcv\u0151 \u00e9s portr\u00e9 fot\u00f3z\u00e1s\",\"potentialAction\":[{\"@type\":\"SearchAction\",\"target\":{\"@type\":\"EntryPoint\",\"urlTemplate\":\"https:\/\/isightstudio.com\/?s={search_term_string}\"},\"query-input\":{\"@type\":\"PropertyValueSpecification\",\"valueRequired\":true,\"valueName\":\"search_term_string\"}}],\"inLanguage\":\"en-US\"}]}<\/script>\n<!-- \/ Yoast SEO plugin. -->","yoast_head_json":{"title":"Contact - iSight Studio","robots":{"index":"index","follow":"follow","max-snippet":"max-snippet:-1","max-image-preview":"max-image-preview:large","max-video-preview":"max-video-preview:-1"},"canonical":"https:\/\/isightstudio.com\/kapcsolat\/","og_locale":"en_US","og_type":"article","og_title":"Contact - iSight Studio","og_description":"Contact&nbsp; We are glad that you visited us! For further information, questions, and quotation requests, our contact details are: ATTILA VARGA Email:\u00a0info@isightstudio.comMobile:\u00a0+36\u00a070\u00a0330\u00a07195","og_url":"https:\/\/isightstudio.com\/kapcsolat\/","og_site_name":"iSight Studio","article_modified_time":"2024-10-16T06:16:39+00:00","twitter_card":"summary_large_image","twitter_misc":{"Est. reading time":"1 minute"},"schema":{"@context":"https:\/\/schema.org","@graph":[{"@type":"WebPage","@id":"https:\/\/isightstudio.com\/kapcsolat\/","url":"https:\/\/isightstudio.com\/kapcsolat\/","name":"Contact - iSight Studio","isPartOf":{"@id":"https:\/\/isightstudio.com\/#website"},"datePublished":"2018-07-08T20:56:13+00:00","dateModified":"2024-10-16T06:16:39+00:00","breadcrumb":{"@id":"https:\/\/isightstudio.com\/kapcsolat\/#breadcrumb"},"inLanguage":"en-US","potentialAction":[{"@type":"ReadAction","target":["https:\/\/isightstudio.com\/kapcsolat\/"]}]},{"@type":"BreadcrumbList","@id":"https:\/\/isightstudio.com\/kapcsolat\/#breadcrumb","itemListElement":[{"@type":"ListItem","position":1,"name":"Home","item":"https:\/\/isightstudio.com\/en\/"},{"@type":"ListItem","position":2,"name":"Contact"}]},{"@type":"WebSite","@id":"https:\/\/isightstudio.com\/#website","url":"https:\/\/isightstudio.com\/","name":"iSight Studio","description":"Esk\u00fcv\u0151 \u00e9s portr\u00e9 fot\u00f3z\u00e1s","potentialAction":[{"@type":"SearchAction","target":{"@type":"EntryPoint","urlTemplate":"https:\/\/isightstudio.com\/?s={search_term_string}"},"query-input":{"@type":"PropertyValueSpecification","valueRequired":true,"valueName":"search_term_string"}}],"inLanguage":"en-US"}]}},"_links":{"self":[{"href":"https:\/\/isightstudio.com\/en\/wp-json\/wp\/v2\/pages\/589","targetHints":{"allow":["GET"]}}],"collection":[{"href":"https:\/\/isightstudio.com\/en\/wp-json\/wp\/v2\/pages"}],"about":[{"href":"https:\/\/isightstudio.com\/en\/wp-json\/wp\/v2\/types\/page"}],"author":[{"embeddable":true,"href":"https:\/\/isightstudio.com\/en\/wp-json\/wp\/v2\/users\/1"}],"replies":[{"embeddable":true,"href":"https:\/\/isightstudio.com\/en\/wp-json\/wp\/v2\/comments?post=589"}],"version-history":[{"count":1,"href":"https:\/\/isightstudio.com\/en\/wp-json\/wp\/v2\/pages\/589\/revisions"}],"predecessor-version":[{"id":11437,"href":"https:\/\/isightstudio.com\/en\/wp-json\/wp\/v2\/pages\/589\/revisions\/11437"}],"wp:attachment":[{"href":"https:\/\/isightstudio.com\/en\/wp-json\/wp\/v2\/media?parent=589"}],"curies":[{"name":"wp","href":"https:\/\/api.w.org\/{rel}","templated":true}]}}