{"id":585,"date":"2018-07-08T22:43:53","date_gmt":"2018-07-08T20:43:53","guid":{"rendered":"http:\/\/isightstudio.com\/udvozlet\/"},"modified":"2018-12-03T23:47:06","modified_gmt":"2018-12-03T22:47:06","slug":"welcome","status":"publish","type":"page","link":"https:\/\/isightstudio.com\/en\/welcome\/","title":{"rendered":"Welcome"},"content":{"rendered":"<p>[et_pb_section fb_built=&#8221;1&#8243; _builder_version=&#8221;3.9&#8243; background_color=&#8221;#f8f8f8&#8243;][et_pb_row use_custom_width=&#8221;on&#8221; custom_width_px=&#8221;800px&#8221; _builder_version=&#8221;3.9&#8243;][et_pb_column type=&#8221;4_4&#8243; _builder_version=&#8221;3.0.47&#8243; parallax=&#8221;off&#8221; parallax_method=&#8221;on&#8221;][et_pb_text _builder_version=&#8221;3.9&#8243; header_font=&#8221;|600|||||||&#8221; header_font_size=&#8221;56px&#8221; header_font_size_tablet=&#8221;48px&#8221; header_font_size_phone=&#8221;44px&#8221; header_font_size_last_edited=&#8221;on|phone&#8221;]<\/p>\n<h1>Welcome<\/h1>\n<p>[\/et_pb_text][et_pb_divider divider_weight=&#8221;2px&#8221; _builder_version=&#8221;3.9&#8243;][\/et_pb_divider][et_pb_text _builder_version=&#8221;3.9&#8243; text_line_height=&#8221;1.8em&#8221;]<\/p>\n<h3>Hi, I am glad you\u2019ve dropped by.<\/h3>\n<p style=\"text-align: justify;\">I hope you liked what you\u2019ve seen here. I am Attila, the photographer of iSight Studio from Hungary. Photo means a love story to me. I believe in love, I believe in marriage and my passion is to take pictures of happy couples, carefree lovers. On weddings and family gatherings my aim is to eternalise true moments as an eyewitness. I like getting to know new people, stories and places. I hope to meet you soon.<\/p>\n<p><strong>Attila Varga<\/strong><br \/> -the <a href=\"http:\/\/isightstudio.com\/\">iSightStudio.com<\/a> photographer<\/p>\n<p>[\/et_pb_text][\/et_pb_column][\/et_pb_row][\/et_pb_section]<\/p>\n","protected":false},"excerpt":{"rendered":"<p>Welcome Hi, I am glad you\u2019ve dropped by. I hope you liked what you\u2019ve seen here. I am Attila, the photographer of iSight Studio from Hungary. Photo means a love story to me. I believe in love, I believe in marriage and my passion is to take pictures of happy couples, carefree lovers. On weddings [&hellip;]<\/p>\n","protected":false},"author":1,"featured_media":0,"parent":0,"menu_order":0,"comment_status":"closed","ping_status":"closed","template":"","meta":{"_et_pb_use_builder":"on","_et_pb_old_content":"","_et_gb_content_width":"","footnotes":""},"class_list":["post-585","page","type-page","status-publish","hentry"],"yoast_head":"<!-- This site is optimized with the Yoast SEO plugin v27.2 - https:\/\/yoast.com\/product\/yoast-seo-wordpress\/ -->\n<title>Welcome - iSight Studio<\/title>\n<meta name=\"robots\" content=\"index, follow, max-snippet:-1, max-image-preview:large, max-video-preview:-1\" \/>\n<link rel=\"canonical\" href=\"https:\/\/isightstudio.com\/en\/welcome\/\" \/>\n<meta property=\"og:locale\" content=\"en_US\" \/>\n<meta property=\"og:type\" content=\"article\" \/>\n<meta property=\"og:title\" content=\"Welcome - iSight Studio\" \/>\n<meta property=\"og:description\" content=\"Welcome Hi, I am glad you\u2019ve dropped by. I hope you liked what you\u2019ve seen here. I am Attila, the photographer of iSight Studio from Hungary. Photo means a love story to me. I believe in love, I believe in marriage and my passion is to take pictures of happy couples, carefree lovers. On weddings [&hellip;]\" \/>\n<meta property=\"og:url\" content=\"https:\/\/isightstudio.com\/en\/welcome\/\" \/>\n<meta property=\"og:site_name\" content=\"iSight Studio\" \/>\n<meta property=\"article:modified_time\" content=\"2018-12-03T22:47:06+00:00\" \/>\n<meta name=\"twitter:card\" content=\"summary_large_image\" \/>\n<meta name=\"twitter:label1\" content=\"Est. reading time\" \/>\n\t<meta name=\"twitter:data1\" content=\"1 minute\" \/>\n<script type=\"application\/ld+json\" class=\"yoast-schema-graph\">{\"@context\":\"https:\/\/schema.org\",\"@graph\":[{\"@type\":\"WebPage\",\"@id\":\"https:\/\/isightstudio.com\/en\/welcome\/\",\"url\":\"https:\/\/isightstudio.com\/en\/welcome\/\",\"name\":\"Welcome - iSight Studio\",\"isPartOf\":{\"@id\":\"https:\/\/isightstudio.com\/#website\"},\"datePublished\":\"2018-07-08T20:43:53+00:00\",\"dateModified\":\"2018-12-03T22:47:06+00:00\",\"breadcrumb\":{\"@id\":\"https:\/\/isightstudio.com\/en\/welcome\/#breadcrumb\"},\"inLanguage\":\"en-US\",\"potentialAction\":[{\"@type\":\"ReadAction\",\"target\":[\"https:\/\/isightstudio.com\/en\/welcome\/\"]}]},{\"@type\":\"BreadcrumbList\",\"@id\":\"https:\/\/isightstudio.com\/en\/welcome\/#breadcrumb\",\"itemListElement\":[{\"@type\":\"ListItem\",\"position\":1,\"name\":\"Home\",\"item\":\"https:\/\/isightstudio.com\/en\/\"},{\"@type\":\"ListItem\",\"position\":2,\"name\":\"Welcome\"}]},{\"@type\":\"WebSite\",\"@id\":\"https:\/\/isightstudio.com\/#website\",\"url\":\"https:\/\/isightstudio.com\/\",\"name\":\"iSight Studio\",\"description\":\"Esk\u00fcv\u0151 \u00e9s portr\u00e9 fot\u00f3z\u00e1s\",\"potentialAction\":[{\"@type\":\"SearchAction\",\"target\":{\"@type\":\"EntryPoint\",\"urlTemplate\":\"https:\/\/isightstudio.com\/?s={search_term_string}\"},\"query-input\":{\"@type\":\"PropertyValueSpecification\",\"valueRequired\":true,\"valueName\":\"search_term_string\"}}],\"inLanguage\":\"en-US\"}]}<\/script>\n<!-- \/ Yoast SEO plugin. -->","yoast_head_json":{"title":"Welcome - iSight Studio","robots":{"index":"index","follow":"follow","max-snippet":"max-snippet:-1","max-image-preview":"max-image-preview:large","max-video-preview":"max-video-preview:-1"},"canonical":"https:\/\/isightstudio.com\/en\/welcome\/","og_locale":"en_US","og_type":"article","og_title":"Welcome - iSight Studio","og_description":"Welcome Hi, I am glad you\u2019ve dropped by. I hope you liked what you\u2019ve seen here. I am Attila, the photographer of iSight Studio from Hungary. Photo means a love story to me. I believe in love, I believe in marriage and my passion is to take pictures of happy couples, carefree lovers. On weddings [&hellip;]","og_url":"https:\/\/isightstudio.com\/en\/welcome\/","og_site_name":"iSight Studio","article_modified_time":"2018-12-03T22:47:06+00:00","twitter_card":"summary_large_image","twitter_misc":{"Est. reading time":"1 minute"},"schema":{"@context":"https:\/\/schema.org","@graph":[{"@type":"WebPage","@id":"https:\/\/isightstudio.com\/en\/welcome\/","url":"https:\/\/isightstudio.com\/en\/welcome\/","name":"Welcome - iSight Studio","isPartOf":{"@id":"https:\/\/isightstudio.com\/#website"},"datePublished":"2018-07-08T20:43:53+00:00","dateModified":"2018-12-03T22:47:06+00:00","breadcrumb":{"@id":"https:\/\/isightstudio.com\/en\/welcome\/#breadcrumb"},"inLanguage":"en-US","potentialAction":[{"@type":"ReadAction","target":["https:\/\/isightstudio.com\/en\/welcome\/"]}]},{"@type":"BreadcrumbList","@id":"https:\/\/isightstudio.com\/en\/welcome\/#breadcrumb","itemListElement":[{"@type":"ListItem","position":1,"name":"Home","item":"https:\/\/isightstudio.com\/en\/"},{"@type":"ListItem","position":2,"name":"Welcome"}]},{"@type":"WebSite","@id":"https:\/\/isightstudio.com\/#website","url":"https:\/\/isightstudio.com\/","name":"iSight Studio","description":"Esk\u00fcv\u0151 \u00e9s portr\u00e9 fot\u00f3z\u00e1s","potentialAction":[{"@type":"SearchAction","target":{"@type":"EntryPoint","urlTemplate":"https:\/\/isightstudio.com\/?s={search_term_string}"},"query-input":{"@type":"PropertyValueSpecification","valueRequired":true,"valueName":"search_term_string"}}],"inLanguage":"en-US"}]}},"_links":{"self":[{"href":"https:\/\/isightstudio.com\/en\/wp-json\/wp\/v2\/pages\/585","targetHints":{"allow":["GET"]}}],"collection":[{"href":"https:\/\/isightstudio.com\/en\/wp-json\/wp\/v2\/pages"}],"about":[{"href":"https:\/\/isightstudio.com\/en\/wp-json\/wp\/v2\/types\/page"}],"author":[{"embeddable":true,"href":"https:\/\/isightstudio.com\/en\/wp-json\/wp\/v2\/users\/1"}],"replies":[{"embeddable":true,"href":"https:\/\/isightstudio.com\/en\/wp-json\/wp\/v2\/comments?post=585"}],"version-history":[{"count":0,"href":"https:\/\/isightstudio.com\/en\/wp-json\/wp\/v2\/pages\/585\/revisions"}],"wp:attachment":[{"href":"https:\/\/isightstudio.com\/en\/wp-json\/wp\/v2\/media?parent=585"}],"curies":[{"name":"wp","href":"https:\/\/api.w.org\/{rel}","templated":true}]}}