{"id":1099,"date":"2018-07-07T19:15:11","date_gmt":"2018-07-07T17:15:11","guid":{"rendered":"http:\/\/isightstudio.com\/intro\/"},"modified":"2018-07-07T19:15:11","modified_gmt":"2018-07-07T17:15:11","slug":"intro","status":"publish","type":"page","link":"https:\/\/isightstudio.com\/en\/","title":{"rendered":"Intro"},"content":{"rendered":"<p>[et_pb_section fb_built=&#8221;1&#8243; fullwidth=&#8221;on&#8221; _builder_version=&#8221;3.9&#8243;][et_pb_fullwidth_slider module_class=&#8221;et_fullscreen_slider&#8221; _builder_version=&#8221;3.9&#8243; auto=&#8221;on&#8221; auto_speed=&#8221;3500&#8243; auto_ignore_hover=&#8221;on&#8221;][et_pb_slide use_bg_overlay=&#8221;off&#8221; use_text_overlay=&#8221;off&#8221; _builder_version=&#8221;3.9&#8243; background_color=&#8221;#ffffff&#8221; background_image=&#8221;http:\/\/isightstudio.com\/wp-content\/uploads\/2018\/07\/slider-fooldal-1.jpg&#8221; button_on_hover=&#8221;on&#8221;][\/et_pb_slide][et_pb_slide use_bg_overlay=&#8221;off&#8221; use_text_overlay=&#8221;off&#8221; _builder_version=&#8221;3.9&#8243; background_color=&#8221;#ffffff&#8221; background_image=&#8221;http:\/\/isightstudio.com\/wp-content\/uploads\/2018\/07\/slider-fooldal-2.jpg&#8221; button_on_hover=&#8221;on&#8221;][\/et_pb_slide][et_pb_slide use_bg_overlay=&#8221;off&#8221; use_text_overlay=&#8221;off&#8221; _builder_version=&#8221;3.9&#8243; background_color=&#8221;#ffffff&#8221; background_image=&#8221;http:\/\/isightstudio.com\/wp-content\/uploads\/2018\/07\/slider-fooldal-3.jpg&#8221; button_on_hover=&#8221;on&#8221;][\/et_pb_slide][et_pb_slide use_bg_overlay=&#8221;off&#8221; use_text_overlay=&#8221;off&#8221; _builder_version=&#8221;3.9&#8243; background_color=&#8221;#ffffff&#8221; background_image=&#8221;http:\/\/isightstudio.com\/wp-content\/uploads\/2018\/07\/slider-fooldal-5.jpg&#8221; button_on_hover=&#8221;on&#8221;][\/et_pb_slide][et_pb_slide use_bg_overlay=&#8221;off&#8221; use_text_overlay=&#8221;off&#8221; _builder_version=&#8221;3.9&#8243; background_color=&#8221;#ffffff&#8221; background_image=&#8221;http:\/\/isightstudio.com\/wp-content\/uploads\/2018\/07\/slider-fooldal-6.jpg&#8221; button_on_hover=&#8221;on&#8221;][\/et_pb_slide][et_pb_slide use_bg_overlay=&#8221;off&#8221; use_text_overlay=&#8221;off&#8221; _builder_version=&#8221;3.9&#8243; background_color=&#8221;#ffffff&#8221; background_image=&#8221;http:\/\/isightstudio.com\/wp-content\/uploads\/2018\/07\/slider-fooldal-7.jpg&#8221; button_on_hover=&#8221;on&#8221;][\/et_pb_slide][et_pb_slide use_bg_overlay=&#8221;off&#8221; use_text_overlay=&#8221;off&#8221; _builder_version=&#8221;3.9&#8243; background_color=&#8221;#ffffff&#8221; background_image=&#8221;http:\/\/isightstudio.com\/wp-content\/uploads\/2018\/07\/slider-fooldal-8.jpg&#8221; button_on_hover=&#8221;on&#8221;][\/et_pb_slide][et_pb_slide use_bg_overlay=&#8221;off&#8221; use_text_overlay=&#8221;off&#8221; _builder_version=&#8221;3.9&#8243; background_color=&#8221;#ffffff&#8221; background_image=&#8221;http:\/\/isightstudio.com\/wp-content\/uploads\/2018\/07\/slider-fooldal-9.jpg&#8221; button_on_hover=&#8221;on&#8221;][\/et_pb_slide][et_pb_slide use_bg_overlay=&#8221;off&#8221; use_text_overlay=&#8221;off&#8221; _builder_version=&#8221;3.9&#8243; background_color=&#8221;#ffffff&#8221; background_image=&#8221;http:\/\/isightstudio.com\/wp-content\/uploads\/2018\/07\/slider-fooldal-10.jpg&#8221; button_on_hover=&#8221;on&#8221;][\/et_pb_slide][et_pb_slide use_bg_overlay=&#8221;off&#8221; use_text_overlay=&#8221;off&#8221; _builder_version=&#8221;3.9&#8243; background_color=&#8221;#ffffff&#8221; background_image=&#8221;http:\/\/isightstudio.com\/wp-content\/uploads\/2018\/07\/slider-fooldal-11.jpg&#8221; button_on_hover=&#8221;on&#8221;][\/et_pb_slide][et_pb_slide use_bg_overlay=&#8221;off&#8221; use_text_overlay=&#8221;off&#8221; _builder_version=&#8221;3.9&#8243; background_color=&#8221;#ffffff&#8221; background_image=&#8221;http:\/\/isightstudio.com\/wp-content\/uploads\/2018\/07\/slider-fooldal-12.jpg&#8221; button_on_hover=&#8221;on&#8221;][\/et_pb_slide][et_pb_slide use_bg_overlay=&#8221;off&#8221; use_text_overlay=&#8221;off&#8221; _builder_version=&#8221;3.9&#8243; background_color=&#8221;#ffffff&#8221; background_image=&#8221;http:\/\/isightstudio.com\/wp-content\/uploads\/2018\/07\/slider-fooldal-13.jpg&#8221; button_on_hover=&#8221;on&#8221;][\/et_pb_slide][et_pb_slide use_bg_overlay=&#8221;off&#8221; use_text_overlay=&#8221;off&#8221; _builder_version=&#8221;3.9&#8243; background_color=&#8221;#ffffff&#8221; background_image=&#8221;http:\/\/isightstudio.com\/wp-content\/uploads\/2018\/07\/slider-fooldal-14.jpg&#8221; button_on_hover=&#8221;on&#8221;][\/et_pb_slide][et_pb_slide use_bg_overlay=&#8221;off&#8221; use_text_overlay=&#8221;off&#8221; _builder_version=&#8221;3.9&#8243; background_color=&#8221;#ffffff&#8221; background_image=&#8221;http:\/\/isightstudio.com\/wp-content\/uploads\/2018\/07\/slider-fooldal-15.jpg&#8221; button_on_hover=&#8221;on&#8221;][\/et_pb_slide][\/et_pb_fullwidth_slider][\/et_pb_section]<\/p>\n","protected":false},"excerpt":{"rendered":"","protected":false},"author":1,"featured_media":0,"parent":0,"menu_order":0,"comment_status":"closed","ping_status":"closed","template":"","meta":{"_et_pb_use_builder":"on","_et_pb_old_content":"","_et_gb_content_width":"","footnotes":""},"class_list":["post-1099","page","type-page","status-publish","hentry"],"yoast_head":"<!-- This site is optimized with the Yoast SEO plugin v27.3 - https:\/\/yoast.com\/product\/yoast-seo-wordpress\/ -->\n<title>Intro - iSight Studio<\/title>\n<meta name=\"robots\" content=\"index, follow, max-snippet:-1, max-image-preview:large, max-video-preview:-1\" \/>\n<link rel=\"canonical\" href=\"https:\/\/isightstudio.com\/en\/\" \/>\n<meta property=\"og:locale\" content=\"en_US\" \/>\n<meta property=\"og:type\" content=\"article\" \/>\n<meta property=\"og:title\" content=\"Intro - iSight Studio\" \/>\n<meta property=\"og:url\" content=\"https:\/\/isightstudio.com\/en\/\" \/>\n<meta property=\"og:site_name\" content=\"iSight Studio\" \/>\n<meta name=\"twitter:card\" content=\"summary_large_image\" \/>\n<meta name=\"twitter:label1\" content=\"Est. reading time\" \/>\n\t<meta name=\"twitter:data1\" content=\"2 minutes\" \/>\n<script type=\"application\/ld+json\" class=\"yoast-schema-graph\">{\"@context\":\"https:\\\/\\\/schema.org\",\"@graph\":[{\"@type\":\"WebPage\",\"@id\":\"https:\\\/\\\/isightstudio.com\\\/en\\\/\",\"url\":\"https:\\\/\\\/isightstudio.com\\\/en\\\/\",\"name\":\"Intro - iSight Studio\",\"isPartOf\":{\"@id\":\"https:\\\/\\\/isightstudio.com\\\/#website\"},\"datePublished\":\"2018-07-07T17:15:11+00:00\",\"breadcrumb\":{\"@id\":\"https:\\\/\\\/isightstudio.com\\\/en\\\/#breadcrumb\"},\"inLanguage\":\"en-US\",\"potentialAction\":[{\"@type\":\"ReadAction\",\"target\":[\"https:\\\/\\\/isightstudio.com\\\/en\\\/\"]}]},{\"@type\":\"BreadcrumbList\",\"@id\":\"https:\\\/\\\/isightstudio.com\\\/en\\\/#breadcrumb\",\"itemListElement\":[{\"@type\":\"ListItem\",\"position\":1,\"name\":\"Home\",\"item\":\"https:\\\/\\\/isightstudio.com\\\/en\\\/\"},{\"@type\":\"ListItem\",\"position\":2,\"name\":\"Intro\"}]},{\"@type\":\"WebSite\",\"@id\":\"https:\\\/\\\/isightstudio.com\\\/#website\",\"url\":\"https:\\\/\\\/isightstudio.com\\\/\",\"name\":\"iSight Studio\",\"description\":\"Esk\u00fcv\u0151 \u00e9s portr\u00e9 fot\u00f3z\u00e1s\",\"potentialAction\":[{\"@type\":\"SearchAction\",\"target\":{\"@type\":\"EntryPoint\",\"urlTemplate\":\"https:\\\/\\\/isightstudio.com\\\/?s={search_term_string}\"},\"query-input\":{\"@type\":\"PropertyValueSpecification\",\"valueRequired\":true,\"valueName\":\"search_term_string\"}}],\"inLanguage\":\"en-US\"}]}<\/script>\n<!-- \/ Yoast SEO plugin. -->","yoast_head_json":{"title":"Intro - iSight Studio","robots":{"index":"index","follow":"follow","max-snippet":"max-snippet:-1","max-image-preview":"max-image-preview:large","max-video-preview":"max-video-preview:-1"},"canonical":"https:\/\/isightstudio.com\/en\/","og_locale":"en_US","og_type":"article","og_title":"Intro - iSight Studio","og_url":"https:\/\/isightstudio.com\/en\/","og_site_name":"iSight Studio","twitter_card":"summary_large_image","twitter_misc":{"Est. reading time":"2 minutes"},"schema":{"@context":"https:\/\/schema.org","@graph":[{"@type":"WebPage","@id":"https:\/\/isightstudio.com\/en\/","url":"https:\/\/isightstudio.com\/en\/","name":"Intro - iSight Studio","isPartOf":{"@id":"https:\/\/isightstudio.com\/#website"},"datePublished":"2018-07-07T17:15:11+00:00","breadcrumb":{"@id":"https:\/\/isightstudio.com\/en\/#breadcrumb"},"inLanguage":"en-US","potentialAction":[{"@type":"ReadAction","target":["https:\/\/isightstudio.com\/en\/"]}]},{"@type":"BreadcrumbList","@id":"https:\/\/isightstudio.com\/en\/#breadcrumb","itemListElement":[{"@type":"ListItem","position":1,"name":"Home","item":"https:\/\/isightstudio.com\/en\/"},{"@type":"ListItem","position":2,"name":"Intro"}]},{"@type":"WebSite","@id":"https:\/\/isightstudio.com\/#website","url":"https:\/\/isightstudio.com\/","name":"iSight Studio","description":"Esk\u00fcv\u0151 \u00e9s portr\u00e9 fot\u00f3z\u00e1s","potentialAction":[{"@type":"SearchAction","target":{"@type":"EntryPoint","urlTemplate":"https:\/\/isightstudio.com\/?s={search_term_string}"},"query-input":{"@type":"PropertyValueSpecification","valueRequired":true,"valueName":"search_term_string"}}],"inLanguage":"en-US"}]}},"_links":{"self":[{"href":"https:\/\/isightstudio.com\/en\/wp-json\/wp\/v2\/pages\/1099","targetHints":{"allow":["GET"]}}],"collection":[{"href":"https:\/\/isightstudio.com\/en\/wp-json\/wp\/v2\/pages"}],"about":[{"href":"https:\/\/isightstudio.com\/en\/wp-json\/wp\/v2\/types\/page"}],"author":[{"embeddable":true,"href":"https:\/\/isightstudio.com\/en\/wp-json\/wp\/v2\/users\/1"}],"replies":[{"embeddable":true,"href":"https:\/\/isightstudio.com\/en\/wp-json\/wp\/v2\/comments?post=1099"}],"version-history":[{"count":0,"href":"https:\/\/isightstudio.com\/en\/wp-json\/wp\/v2\/pages\/1099\/revisions"}],"wp:attachment":[{"href":"https:\/\/isightstudio.com\/en\/wp-json\/wp\/v2\/media?parent=1099"}],"curies":[{"name":"wp","href":"https:\/\/api.w.org\/{rel}","templated":true}]}}